{"id":784,"date":"2018-11-22T10:47:53","date_gmt":"2018-11-22T09:47:53","guid":{"rendered":"http:\/\/cb-service.com\/?page_id=784"},"modified":"2022-12-17T16:31:56","modified_gmt":"2022-12-17T15:31:56","slug":"andalousie-aout-2017","status":"publish","type":"page","link":"https:\/\/cb-service.com\/?page_id=784","title":{"rendered":"Andalousie Aout 2017"},"content":{"rendered":"<div id='gallery-1' class='gallery galleryid-784 gallery-columns-3 gallery-size-medium'><figure class='gallery-item'>\n\t\t\t<div class='gallery-icon landscape'>\n\t\t\t\t<a href='https:\/\/cb-service.com\/wp-content\/uploads\/2018\/01\/Dubitative-e1544035357371.jpg' title=\"Dubitative...!?\" data-rl_title=\"Dubitative...!?\" class=\"rl-gallery-link\" data-rl_caption=\"Dubitative...!?\" data-rel=\"lightbox-gallery-1\"><img width=\"300\" height=\"169\" src=\"https:\/\/cb-service.com\/wp-content\/uploads\/2018\/01\/Dubitative-300x169.jpg\" class=\"attachment-medium size-medium\" alt=\"Dubitative...!?\" loading=\"lazy\" aria-describedby=\"gallery-1-247\" srcset=\"https:\/\/cb-service.com\/wp-content\/uploads\/2018\/01\/Dubitative-300x169.jpg 300w, https:\/\/cb-service.com\/wp-content\/uploads\/2018\/01\/Dubitative-768x432.jpg 768w, https:\/\/cb-service.com\/wp-content\/uploads\/2018\/01\/Dubitative-1024x576.jpg 1024w, https:\/\/cb-service.com\/wp-content\/uploads\/2018\/01\/Dubitative-954x536.jpg 954w, https:\/\/cb-service.com\/wp-content\/uploads\/2018\/01\/Dubitative-1354x761.jpg 1354w, https:\/\/cb-service.com\/wp-content\/uploads\/2018\/01\/Dubitative-e1544035357371.jpg 1300w\" sizes=\"(max-width: 300px) 85vw, 300px\" \/><\/a>\n\t\t\t<\/div>\n\t\t\t\t<figcaption class='wp-caption-text gallery-caption' id='gallery-1-247'>\n\t\t\t\tDubitative&#8230;!?\n\t\t\t\t<\/figcaption><\/figure><figure class='gallery-item'>\n\t\t\t<div class='gallery-icon landscape'>\n\t\t\t\t<a href='https:\/\/cb-service.com\/wp-content\/uploads\/2018\/01\/piste-superbe..-e1544035375961.jpg' title=\"Piste superbe...\" data-rl_title=\"Piste superbe...\" class=\"rl-gallery-link\" data-rl_caption=\"Piste superbe...\" data-rel=\"lightbox-gallery-1\"><img width=\"300\" height=\"169\" src=\"https:\/\/cb-service.com\/wp-content\/uploads\/2018\/01\/piste-superbe..-300x169.jpg\" class=\"attachment-medium size-medium\" alt=\"Piste superbe...\" loading=\"lazy\" aria-describedby=\"gallery-1-254\" srcset=\"https:\/\/cb-service.com\/wp-content\/uploads\/2018\/01\/piste-superbe..-300x169.jpg 300w, https:\/\/cb-service.com\/wp-content\/uploads\/2018\/01\/piste-superbe..-768x432.jpg 768w, https:\/\/cb-service.com\/wp-content\/uploads\/2018\/01\/piste-superbe..-1024x576.jpg 1024w, https:\/\/cb-service.com\/wp-content\/uploads\/2018\/01\/piste-superbe..-954x536.jpg 954w, https:\/\/cb-service.com\/wp-content\/uploads\/2018\/01\/piste-superbe..-1354x761.jpg 1354w, https:\/\/cb-service.com\/wp-content\/uploads\/2018\/01\/piste-superbe..-e1544035375961.jpg 1300w\" sizes=\"(max-width: 300px) 85vw, 300px\" \/><\/a>\n\t\t\t<\/div>\n\t\t\t\t<figcaption class='wp-caption-text gallery-caption' id='gallery-1-254'>\n\t\t\t\t         Piste superbe&#8230;\n\t\t\t\t<\/figcaption><\/figure><figure class='gallery-item'>\n\t\t\t<div class='gallery-icon landscape'>\n\t\t\t\t<a href='https:\/\/cb-service.com\/wp-content\/uploads\/2018\/01\/par-42\u00b0-\u00e7a-rafraichit--e1544035388700.jpg' title=\"Par 42\u00b0 \u00e7a rafra\u00eechit..!\" data-rl_title=\"Par 42\u00b0 \u00e7a rafra\u00eechit..!\" class=\"rl-gallery-link\" data-rl_caption=\"Par 42\u00b0 \u00e7a rafra\u00eechit..!\" data-rel=\"lightbox-gallery-1\"><img width=\"300\" height=\"169\" src=\"https:\/\/cb-service.com\/wp-content\/uploads\/2018\/01\/par-42\u00b0-\u00e7a-rafraichit--300x169.jpg\" class=\"attachment-medium size-medium\" alt=\"par 42\u00b0 \u00e7a rafraichit....!\" loading=\"lazy\" aria-describedby=\"gallery-1-253\" srcset=\"https:\/\/cb-service.com\/wp-content\/uploads\/2018\/01\/par-42\u00b0-\u00e7a-rafraichit--300x169.jpg 300w, https:\/\/cb-service.com\/wp-content\/uploads\/2018\/01\/par-42\u00b0-\u00e7a-rafraichit--768x432.jpg 768w, https:\/\/cb-service.com\/wp-content\/uploads\/2018\/01\/par-42\u00b0-\u00e7a-rafraichit--1024x576.jpg 1024w, https:\/\/cb-service.com\/wp-content\/uploads\/2018\/01\/par-42\u00b0-\u00e7a-rafraichit--954x536.jpg 954w, https:\/\/cb-service.com\/wp-content\/uploads\/2018\/01\/par-42\u00b0-\u00e7a-rafraichit--1354x761.jpg 1354w, https:\/\/cb-service.com\/wp-content\/uploads\/2018\/01\/par-42\u00b0-\u00e7a-rafraichit--e1544035388700.jpg 1300w\" sizes=\"(max-width: 300px) 85vw, 300px\" \/><\/a>\n\t\t\t<\/div>\n\t\t\t\t<figcaption class='wp-caption-text gallery-caption' id='gallery-1-253'>\n\t\t\t\t  Par 42\u00b0 \u00e7a rafra\u00eechit..!\n\t\t\t\t<\/figcaption><\/figure><figure class='gallery-item'>\n\t\t\t<div class='gallery-icon landscape'>\n\t\t\t\t<a href='https:\/\/cb-service.com\/wp-content\/uploads\/2018\/01\/on-roule-dans-les-rivieres-ass\u00e9ch\u00e9es.-e1544035402694.jpg' title=\"on roule dans les rivi\u00e8res ass\u00e9ch\u00e9es\" data-rl_title=\"on roule dans les rivi\u00e8res ass\u00e9ch\u00e9es\" class=\"rl-gallery-link\" data-rl_caption=\"on roule dans les rivi\u00e8res ass\u00e9ch\u00e9es\" data-rel=\"lightbox-gallery-1\"><img width=\"300\" height=\"169\" src=\"https:\/\/cb-service.com\/wp-content\/uploads\/2018\/01\/on-roule-dans-les-rivieres-ass\u00e9ch\u00e9es.-300x169.jpg\" class=\"attachment-medium size-medium\" alt=\"on roule dans les rivi\u00e8res ass\u00e9ch\u00e9es\" loading=\"lazy\" aria-describedby=\"gallery-1-252\" srcset=\"https:\/\/cb-service.com\/wp-content\/uploads\/2018\/01\/on-roule-dans-les-rivieres-ass\u00e9ch\u00e9es.-300x169.jpg 300w, https:\/\/cb-service.com\/wp-content\/uploads\/2018\/01\/on-roule-dans-les-rivieres-ass\u00e9ch\u00e9es.-768x432.jpg 768w, https:\/\/cb-service.com\/wp-content\/uploads\/2018\/01\/on-roule-dans-les-rivieres-ass\u00e9ch\u00e9es.-1024x576.jpg 1024w, https:\/\/cb-service.com\/wp-content\/uploads\/2018\/01\/on-roule-dans-les-rivieres-ass\u00e9ch\u00e9es.-954x536.jpg 954w, https:\/\/cb-service.com\/wp-content\/uploads\/2018\/01\/on-roule-dans-les-rivieres-ass\u00e9ch\u00e9es.-1354x761.jpg 1354w, https:\/\/cb-service.com\/wp-content\/uploads\/2018\/01\/on-roule-dans-les-rivieres-ass\u00e9ch\u00e9es.-e1544035402694.jpg 1300w\" sizes=\"(max-width: 300px) 85vw, 300px\" \/><\/a>\n\t\t\t<\/div>\n\t\t\t\t<figcaption class='wp-caption-text gallery-caption' id='gallery-1-252'>\n\t\t\t\ton roule dans les rivi\u00e8res ass\u00e9ch\u00e9es\n\t\t\t\t<\/figcaption><\/figure><figure class='gallery-item'>\n\t\t\t<div class='gallery-icon landscape'>\n\t\t\t\t<a href='https:\/\/cb-service.com\/wp-content\/uploads\/2018\/01\/Pot-echappement-cass\u00e9-e1544035418255.jpg' title=\"Pot \u00e9chappement cass\u00e9..!\" data-rl_title=\"Pot \u00e9chappement cass\u00e9..!\" class=\"rl-gallery-link\" data-rl_caption=\"Pot \u00e9chappement cass\u00e9..!\" data-rel=\"lightbox-gallery-1\"><img width=\"300\" height=\"169\" src=\"https:\/\/cb-service.com\/wp-content\/uploads\/2018\/01\/Pot-echappement-cass\u00e9-300x169.jpg\" class=\"attachment-medium size-medium\" alt=\"Pot \u00e9chappement cass\u00e9..!\" loading=\"lazy\" aria-describedby=\"gallery-1-255\" srcset=\"https:\/\/cb-service.com\/wp-content\/uploads\/2018\/01\/Pot-echappement-cass\u00e9-300x169.jpg 300w, https:\/\/cb-service.com\/wp-content\/uploads\/2018\/01\/Pot-echappement-cass\u00e9-768x432.jpg 768w, https:\/\/cb-service.com\/wp-content\/uploads\/2018\/01\/Pot-echappement-cass\u00e9-1024x576.jpg 1024w, https:\/\/cb-service.com\/wp-content\/uploads\/2018\/01\/Pot-echappement-cass\u00e9-954x536.jpg 954w, https:\/\/cb-service.com\/wp-content\/uploads\/2018\/01\/Pot-echappement-cass\u00e9-1354x761.jpg 1354w, https:\/\/cb-service.com\/wp-content\/uploads\/2018\/01\/Pot-echappement-cass\u00e9-e1544035418255.jpg 1300w\" sizes=\"(max-width: 300px) 85vw, 300px\" \/><\/a>\n\t\t\t<\/div>\n\t\t\t\t<figcaption class='wp-caption-text gallery-caption' id='gallery-1-255'>\n\t\t\t\tPot \u00e9chappement cass\u00e9..!\n\t\t\t\t<\/figcaption><\/figure><figure class='gallery-item'>\n\t\t\t<div class='gallery-icon landscape'>\n\t\t\t\t<a href='https:\/\/cb-service.com\/wp-content\/uploads\/2018\/01\/on-r\u00e9pare-a-m\u00eame-la-piste-e1544035428584.jpg' title=\"on r\u00e9pare a m\u00eame la piste.!.!\" data-rl_title=\"on r\u00e9pare a m\u00eame la piste.!.!\" class=\"rl-gallery-link\" data-rl_caption=\"on r\u00e9pare a m\u00eame la piste.!.!\" data-rel=\"lightbox-gallery-1\"><img width=\"300\" height=\"169\" src=\"https:\/\/cb-service.com\/wp-content\/uploads\/2018\/01\/on-r\u00e9pare-a-m\u00eame-la-piste-300x169.jpg\" class=\"attachment-medium size-medium\" alt=\"on r\u00e9pare a m\u00eame la piste..!\" loading=\"lazy\" aria-describedby=\"gallery-1-251\" srcset=\"https:\/\/cb-service.com\/wp-content\/uploads\/2018\/01\/on-r\u00e9pare-a-m\u00eame-la-piste-300x169.jpg 300w, https:\/\/cb-service.com\/wp-content\/uploads\/2018\/01\/on-r\u00e9pare-a-m\u00eame-la-piste-768x432.jpg 768w, https:\/\/cb-service.com\/wp-content\/uploads\/2018\/01\/on-r\u00e9pare-a-m\u00eame-la-piste-1024x576.jpg 1024w, https:\/\/cb-service.com\/wp-content\/uploads\/2018\/01\/on-r\u00e9pare-a-m\u00eame-la-piste-954x536.jpg 954w, https:\/\/cb-service.com\/wp-content\/uploads\/2018\/01\/on-r\u00e9pare-a-m\u00eame-la-piste-1354x761.jpg 1354w, https:\/\/cb-service.com\/wp-content\/uploads\/2018\/01\/on-r\u00e9pare-a-m\u00eame-la-piste-e1544035428584.jpg 1300w\" sizes=\"(max-width: 300px) 85vw, 300px\" \/><\/a>\n\t\t\t<\/div>\n\t\t\t\t<figcaption class='wp-caption-text gallery-caption' id='gallery-1-251'>\n\t\t\t\ton r\u00e9pare a m\u00eame la piste.!.!\n\t\t\t\t<\/figcaption><\/figure><figure class='gallery-item'>\n\t\t\t<div class='gallery-icon landscape'>\n\t\t\t\t<a href='https:\/\/cb-service.com\/wp-content\/uploads\/2018\/01\/Gu\u00e9-sympa-e1544035440236.jpg' title=\"Gu\u00e9 sympa\" data-rl_title=\"Gu\u00e9 sympa\" class=\"rl-gallery-link\" data-rl_caption=\"Gu\u00e9 sympa\" data-rel=\"lightbox-gallery-1\"><img width=\"300\" height=\"169\" src=\"https:\/\/cb-service.com\/wp-content\/uploads\/2018\/01\/Gu\u00e9-sympa-300x169.jpg\" class=\"attachment-medium size-medium\" alt=\"\" loading=\"lazy\" aria-describedby=\"gallery-1-250\" srcset=\"https:\/\/cb-service.com\/wp-content\/uploads\/2018\/01\/Gu\u00e9-sympa-300x169.jpg 300w, https:\/\/cb-service.com\/wp-content\/uploads\/2018\/01\/Gu\u00e9-sympa-768x432.jpg 768w, https:\/\/cb-service.com\/wp-content\/uploads\/2018\/01\/Gu\u00e9-sympa-1024x576.jpg 1024w, https:\/\/cb-service.com\/wp-content\/uploads\/2018\/01\/Gu\u00e9-sympa-954x536.jpg 954w, https:\/\/cb-service.com\/wp-content\/uploads\/2018\/01\/Gu\u00e9-sympa-1354x761.jpg 1354w, https:\/\/cb-service.com\/wp-content\/uploads\/2018\/01\/Gu\u00e9-sympa-e1544035440236.jpg 1300w\" sizes=\"(max-width: 300px) 85vw, 300px\" \/><\/a>\n\t\t\t<\/div>\n\t\t\t\t<figcaption class='wp-caption-text gallery-caption' id='gallery-1-250'>\n\t\t\t\t      Gu\u00e9 sympa\n\t\t\t\t<\/figcaption><\/figure><figure class='gallery-item'>\n\t\t\t<div class='gallery-icon landscape'>\n\t\t\t\t<a href='https:\/\/cb-service.com\/wp-content\/uploads\/2018\/01\/figuier-sauvage-..en-plus-elles-sont-m\u00fbres-e1544035463754.jpg' title=\"Figuier sauvage..en plus elles sont m\u00fbres...!\" data-rl_title=\"Figuier sauvage..en plus elles sont m\u00fbres...!\" class=\"rl-gallery-link\" data-rl_caption=\"Figuier sauvage..en plus elles sont m\u00fbres...!\" data-rel=\"lightbox-gallery-1\"><img width=\"300\" height=\"169\" src=\"https:\/\/cb-service.com\/wp-content\/uploads\/2018\/01\/figuier-sauvage-..en-plus-elles-sont-m\u00fbres-300x169.jpg\" class=\"attachment-medium size-medium\" alt=\"Figuier sauvage..en plus elles sont m\u00fbres...!\" loading=\"lazy\" aria-describedby=\"gallery-1-248\" srcset=\"https:\/\/cb-service.com\/wp-content\/uploads\/2018\/01\/figuier-sauvage-..en-plus-elles-sont-m\u00fbres-300x169.jpg 300w, https:\/\/cb-service.com\/wp-content\/uploads\/2018\/01\/figuier-sauvage-..en-plus-elles-sont-m\u00fbres-768x432.jpg 768w, https:\/\/cb-service.com\/wp-content\/uploads\/2018\/01\/figuier-sauvage-..en-plus-elles-sont-m\u00fbres-1024x576.jpg 1024w, https:\/\/cb-service.com\/wp-content\/uploads\/2018\/01\/figuier-sauvage-..en-plus-elles-sont-m\u00fbres-954x536.jpg 954w, https:\/\/cb-service.com\/wp-content\/uploads\/2018\/01\/figuier-sauvage-..en-plus-elles-sont-m\u00fbres-1354x761.jpg 1354w, https:\/\/cb-service.com\/wp-content\/uploads\/2018\/01\/figuier-sauvage-..en-plus-elles-sont-m\u00fbres-e1544035463754.jpg 1300w\" sizes=\"(max-width: 300px) 85vw, 300px\" \/><\/a>\n\t\t\t<\/div>\n\t\t\t\t<figcaption class='wp-caption-text gallery-caption' id='gallery-1-248'>\n\t\t\t\tFiguier sauvage..en plus elles sont m\u00fbres&#8230;!\n\t\t\t\t<\/figcaption><\/figure><figure class='gallery-item'>\n\t\t\t<div class='gallery-icon landscape'>\n\t\t\t\t<a href='https:\/\/cb-service.com\/wp-content\/uploads\/2018\/01\/desert-sud-espagne-e1544035473771.jpg' title=\"D\u00e9sert sud de l&#039;Espagne\" data-rl_title=\"D\u00e9sert sud de l&#039;Espagne\" class=\"rl-gallery-link\" data-rl_caption=\"D\u00e9sert sud de l&#039;Espagne\" data-rel=\"lightbox-gallery-1\"><img width=\"300\" height=\"169\" src=\"https:\/\/cb-service.com\/wp-content\/uploads\/2018\/01\/desert-sud-espagne-300x169.jpg\" class=\"attachment-medium size-medium\" alt=\"D\u00e9sert sud de l&#039;Espagne\" loading=\"lazy\" aria-describedby=\"gallery-1-246\" srcset=\"https:\/\/cb-service.com\/wp-content\/uploads\/2018\/01\/desert-sud-espagne-300x169.jpg 300w, https:\/\/cb-service.com\/wp-content\/uploads\/2018\/01\/desert-sud-espagne-768x432.jpg 768w, https:\/\/cb-service.com\/wp-content\/uploads\/2018\/01\/desert-sud-espagne-1024x576.jpg 1024w, https:\/\/cb-service.com\/wp-content\/uploads\/2018\/01\/desert-sud-espagne-954x536.jpg 954w, https:\/\/cb-service.com\/wp-content\/uploads\/2018\/01\/desert-sud-espagne-1354x761.jpg 1354w, https:\/\/cb-service.com\/wp-content\/uploads\/2018\/01\/desert-sud-espagne-e1544035473771.jpg 1300w\" sizes=\"(max-width: 300px) 85vw, 300px\" \/><\/a>\n\t\t\t<\/div>\n\t\t\t\t<figcaption class='wp-caption-text gallery-caption' id='gallery-1-246'>\n\t\t\t\t  D\u00e9sert sud de l&rsquo;Espagne\n\t\t\t\t<\/figcaption><\/figure><figure class='gallery-item'>\n\t\t\t<div class='gallery-icon landscape'>\n\t\t\t\t<a href='https:\/\/cb-service.com\/wp-content\/uploads\/2018\/01\/colorado-ou-presque-e1544035482847.jpg' title=\"Colorado ou presque!\" data-rl_title=\"Colorado ou presque!\" class=\"rl-gallery-link\" data-rl_caption=\"Colorado ou presque!\" data-rel=\"lightbox-gallery-1\"><img width=\"300\" height=\"169\" src=\"https:\/\/cb-service.com\/wp-content\/uploads\/2018\/01\/colorado-ou-presque-300x169.jpg\" class=\"attachment-medium size-medium\" alt=\"Colorado ou presque!\" loading=\"lazy\" aria-describedby=\"gallery-1-245\" srcset=\"https:\/\/cb-service.com\/wp-content\/uploads\/2018\/01\/colorado-ou-presque-300x169.jpg 300w, https:\/\/cb-service.com\/wp-content\/uploads\/2018\/01\/colorado-ou-presque-768x432.jpg 768w, https:\/\/cb-service.com\/wp-content\/uploads\/2018\/01\/colorado-ou-presque-1024x576.jpg 1024w, https:\/\/cb-service.com\/wp-content\/uploads\/2018\/01\/colorado-ou-presque-954x536.jpg 954w, https:\/\/cb-service.com\/wp-content\/uploads\/2018\/01\/colorado-ou-presque-1354x761.jpg 1354w, https:\/\/cb-service.com\/wp-content\/uploads\/2018\/01\/colorado-ou-presque-e1544035482847.jpg 1300w\" sizes=\"(max-width: 300px) 85vw, 300px\" \/><\/a>\n\t\t\t<\/div>\n\t\t\t\t<figcaption class='wp-caption-text gallery-caption' id='gallery-1-245'>\n\t\t\t\t   Colorado ou presque!\n\t\t\t\t<\/figcaption><\/figure><figure class='gallery-item'>\n\t\t\t<div class='gallery-icon landscape'>\n\t\t\t\t<a href='https:\/\/cb-service.com\/wp-content\/uploads\/2018\/01\/cailloux-e1544035501804.jpg' title=\"Cailloux !\" data-rl_title=\"Cailloux !\" class=\"rl-gallery-link\" data-rl_caption=\"Cailloux !\" data-rel=\"lightbox-gallery-1\"><img width=\"300\" height=\"169\" src=\"https:\/\/cb-service.com\/wp-content\/uploads\/2018\/01\/cailloux-300x169.jpg\" class=\"attachment-medium size-medium\" alt=\"Cailloux !\" loading=\"lazy\" aria-describedby=\"gallery-1-243\" srcset=\"https:\/\/cb-service.com\/wp-content\/uploads\/2018\/01\/cailloux-300x169.jpg 300w, https:\/\/cb-service.com\/wp-content\/uploads\/2018\/01\/cailloux-768x432.jpg 768w, https:\/\/cb-service.com\/wp-content\/uploads\/2018\/01\/cailloux-1024x576.jpg 1024w, https:\/\/cb-service.com\/wp-content\/uploads\/2018\/01\/cailloux-954x536.jpg 954w, https:\/\/cb-service.com\/wp-content\/uploads\/2018\/01\/cailloux-1354x761.jpg 1354w, https:\/\/cb-service.com\/wp-content\/uploads\/2018\/01\/cailloux-e1544035501804.jpg 1300w\" sizes=\"(max-width: 300px) 85vw, 300px\" \/><\/a>\n\t\t\t<\/div>\n\t\t\t\t<figcaption class='wp-caption-text gallery-caption' id='gallery-1-243'>\n\t\t\t\t          Cailloux !\n\t\t\t\t<\/figcaption><\/figure><figure class='gallery-item'>\n\t\t\t<div class='gallery-icon landscape'>\n\t\t\t\t<a href='https:\/\/cb-service.com\/wp-content\/uploads\/2018\/01\/bain-de-boue-cest-fun-e1544035513337.jpg' title=\"Bain de boue .c&#039;est Fun!\" data-rl_title=\"Bain de boue .c&#039;est Fun!\" class=\"rl-gallery-link\" data-rl_caption=\"Bain de boue .c&#039;est Fun!\" data-rel=\"lightbox-gallery-1\"><img width=\"300\" height=\"169\" src=\"https:\/\/cb-service.com\/wp-content\/uploads\/2018\/01\/bain-de-boue-cest-fun-300x169.jpg\" class=\"attachment-medium size-medium\" alt=\"Bain de boue .c&#039;est Fun!\" loading=\"lazy\" aria-describedby=\"gallery-1-242\" srcset=\"https:\/\/cb-service.com\/wp-content\/uploads\/2018\/01\/bain-de-boue-cest-fun-300x169.jpg 300w, https:\/\/cb-service.com\/wp-content\/uploads\/2018\/01\/bain-de-boue-cest-fun-768x432.jpg 768w, https:\/\/cb-service.com\/wp-content\/uploads\/2018\/01\/bain-de-boue-cest-fun-1024x576.jpg 1024w, https:\/\/cb-service.com\/wp-content\/uploads\/2018\/01\/bain-de-boue-cest-fun-954x536.jpg 954w, https:\/\/cb-service.com\/wp-content\/uploads\/2018\/01\/bain-de-boue-cest-fun-1354x761.jpg 1354w, https:\/\/cb-service.com\/wp-content\/uploads\/2018\/01\/bain-de-boue-cest-fun-e1544035513337.jpg 1300w\" sizes=\"(max-width: 300px) 85vw, 300px\" \/><\/a>\n\t\t\t<\/div>\n\t\t\t\t<figcaption class='wp-caption-text gallery-caption' id='gallery-1-242'>\n\t\t\t\tBain de boue .c&rsquo;est Fun!\n\t\t\t\t<\/figcaption><\/figure><figure class='gallery-item'>\n\t\t\t<div class='gallery-icon landscape'>\n\t\t\t\t<a href='https:\/\/cb-service.com\/wp-content\/uploads\/2018\/01\/artiste-en-maison-troglodyte-e1544035522140.jpg' title=\"Artiste en maison troglodyte\" data-rl_title=\"Artiste en maison troglodyte\" class=\"rl-gallery-link\" data-rl_caption=\"Artiste en maison troglodyte\" data-rel=\"lightbox-gallery-1\"><img width=\"300\" height=\"169\" src=\"https:\/\/cb-service.com\/wp-content\/uploads\/2018\/01\/artiste-en-maison-troglodyte-300x169.jpg\" class=\"attachment-medium size-medium\" alt=\"Artiste en maison troglodyte\" loading=\"lazy\" aria-describedby=\"gallery-1-241\" srcset=\"https:\/\/cb-service.com\/wp-content\/uploads\/2018\/01\/artiste-en-maison-troglodyte-300x169.jpg 300w, https:\/\/cb-service.com\/wp-content\/uploads\/2018\/01\/artiste-en-maison-troglodyte-768x432.jpg 768w, https:\/\/cb-service.com\/wp-content\/uploads\/2018\/01\/artiste-en-maison-troglodyte-1024x576.jpg 1024w, https:\/\/cb-service.com\/wp-content\/uploads\/2018\/01\/artiste-en-maison-troglodyte-954x536.jpg 954w, https:\/\/cb-service.com\/wp-content\/uploads\/2018\/01\/artiste-en-maison-troglodyte-1354x761.jpg 1354w, https:\/\/cb-service.com\/wp-content\/uploads\/2018\/01\/artiste-en-maison-troglodyte-e1544035522140.jpg 1300w\" sizes=\"(max-width: 300px) 85vw, 300px\" \/><\/a>\n\t\t\t<\/div>\n\t\t\t\t<figcaption class='wp-caption-text gallery-caption' id='gallery-1-241'>\n\t\t\t\tArtiste en maison troglodyte\n\t\t\t\t<\/figcaption><\/figure><figure class='gallery-item'>\n\t\t\t<div class='gallery-icon landscape'>\n\t\t\t\t<a href='https:\/\/cb-service.com\/wp-content\/uploads\/2018\/12\/divers-e1544036116308.jpg' title=\"\u00e7a va \u00eatre juste en largeur\" data-rl_title=\"\u00e7a va \u00eatre juste en largeur\" class=\"rl-gallery-link\" data-rl_caption=\"\u00e7a va \u00eatre juste en largeur\" data-rel=\"lightbox-gallery-1\"><img width=\"300\" height=\"169\" src=\"https:\/\/cb-service.com\/wp-content\/uploads\/2018\/12\/divers-300x169.jpg\" class=\"attachment-medium size-medium\" alt=\"\u00e7a va \u00eatre juste en largeur\" loading=\"lazy\" aria-describedby=\"gallery-1-1477\" srcset=\"https:\/\/cb-service.com\/wp-content\/uploads\/2018\/12\/divers-300x169.jpg 300w, https:\/\/cb-service.com\/wp-content\/uploads\/2018\/12\/divers-768x432.jpg 768w, https:\/\/cb-service.com\/wp-content\/uploads\/2018\/12\/divers-1024x576.jpg 1024w, https:\/\/cb-service.com\/wp-content\/uploads\/2018\/12\/divers-1200x674.jpg 1200w, https:\/\/cb-service.com\/wp-content\/uploads\/2018\/12\/divers-e1544036116308.jpg 1300w\" sizes=\"(max-width: 300px) 85vw, 300px\" \/><\/a>\n\t\t\t<\/div>\n\t\t\t\t<figcaption class='wp-caption-text gallery-caption' id='gallery-1-1477'>\n\t\t\t\t\u00e7a va \u00eatre juste en largeur\n\t\t\t\t<\/figcaption><\/figure><figure class='gallery-item'>\n\t\t\t<div class='gallery-icon landscape'>\n\t\t\t\t<a href='https:\/\/cb-service.com\/wp-content\/uploads\/2018\/12\/div1-e1544036342612.jpg' title=\"gorge sympa\" data-rl_title=\"gorge sympa\" class=\"rl-gallery-link\" data-rl_caption=\"gorge sympa\" data-rel=\"lightbox-gallery-1\"><img width=\"300\" height=\"169\" src=\"https:\/\/cb-service.com\/wp-content\/uploads\/2018\/12\/div1-300x169.jpg\" class=\"attachment-medium size-medium\" alt=\"gorge sympa\" loading=\"lazy\" aria-describedby=\"gallery-1-1479\" srcset=\"https:\/\/cb-service.com\/wp-content\/uploads\/2018\/12\/div1-300x169.jpg 300w, https:\/\/cb-service.com\/wp-content\/uploads\/2018\/12\/div1-768x432.jpg 768w, https:\/\/cb-service.com\/wp-content\/uploads\/2018\/12\/div1-1024x576.jpg 1024w, https:\/\/cb-service.com\/wp-content\/uploads\/2018\/12\/div1-1200x675.jpg 1200w, https:\/\/cb-service.com\/wp-content\/uploads\/2018\/12\/div1-e1544036342612.jpg 1300w\" sizes=\"(max-width: 300px) 85vw, 300px\" \/><\/a>\n\t\t\t<\/div>\n\t\t\t\t<figcaption class='wp-caption-text gallery-caption' id='gallery-1-1479'>\n\t\t\t\t  gorge sympa\n\t\t\t\t<\/figcaption><\/figure>\n\t\t<\/div>\n\n","protected":false},"excerpt":{"rendered":"","protected":false},"author":1,"featured_media":0,"parent":0,"menu_order":0,"comment_status":"closed","ping_status":"closed","template":"","meta":[],"_links":{"self":[{"href":"https:\/\/cb-service.com\/index.php?rest_route=\/wp\/v2\/pages\/784"}],"collection":[{"href":"https:\/\/cb-service.com\/index.php?rest_route=\/wp\/v2\/pages"}],"about":[{"href":"https:\/\/cb-service.com\/index.php?rest_route=\/wp\/v2\/types\/page"}],"author":[{"embeddable":true,"href":"https:\/\/cb-service.com\/index.php?rest_route=\/wp\/v2\/users\/1"}],"replies":[{"embeddable":true,"href":"https:\/\/cb-service.com\/index.php?rest_route=%2Fwp%2Fv2%2Fcomments&post=784"}],"version-history":[{"count":0,"href":"https:\/\/cb-service.com\/index.php?rest_route=\/wp\/v2\/pages\/784\/revisions"}],"wp:attachment":[{"href":"https:\/\/cb-service.com\/index.php?rest_route=%2Fwp%2Fv2%2Fmedia&parent=784"}],"curies":[{"name":"wp","href":"https:\/\/api.w.org\/{rel}","templated":true}]}}